{"id":2519,"date":"2024-03-29T04:07:54","date_gmt":"2024-03-29T01:07:54","guid":{"rendered":"https:\/\/www.biotechslabs.com\/?page_id=2519"},"modified":"2024-04-25T13:25:37","modified_gmt":"2024-04-25T10:25:37","slug":"environmental-laboratory-analyses","status":"publish","type":"page","link":"https:\/\/www.biotechslabs.com\/?page_id=2519","title":{"rendered":"Environmental Analyses"},"content":{"rendered":"\t\t<div data-elementor-type=\"wp-page\" data-elementor-id=\"2519\" class=\"elementor elementor-2519\" data-elementor-post-type=\"page\">\n\t\t\t\t\t\t<section class=\"elementor-section elementor-top-section elementor-element elementor-element-cc3aa73 elementor-section-boxed elementor-section-height-default elementor-section-height-default\" data-id=\"cc3aa73\" data-element_type=\"section\">\r\n\t\t\r\n\t\t\t\t\t\t\t<div class=\"elementor-container elementor-column-gap-custom\">\r\n\t\t\t\t\t\t\t\t\t\t\t<div class=\"elementor-column elementor-col-50 elementor-top-column elementor-element elementor-element-c0a41b0\" data-id=\"c0a41b0\" data-element_type=\"column\">\r\n\t\t\t\t\t<div class=\"elementor-widget-wrap elementor-element-populated\">\r\n\t\t\t\t\t\t\t\t<div class=\"elementor-element elementor-element-baa6a72 mb-4 elementor-widget elementor-widget-heading\" data-id=\"baa6a72\" data-element_type=\"widget\" data-widget_type=\"heading.default\">\n\t\t\t\t<div class=\"elementor-widget-container\">\n\t\t\t<style>\/*! elementor - v3.21.0 - 25-04-2024 *\/\n.elementor-heading-title{padding:0;margin:0;line-height:1}.elementor-widget-heading .elementor-heading-title[class*=elementor-size-]>a{color:inherit;font-size:inherit;line-height:inherit}.elementor-widget-heading .elementor-heading-title.elementor-size-small{font-size:15px}.elementor-widget-heading .elementor-heading-title.elementor-size-medium{font-size:19px}.elementor-widget-heading .elementor-heading-title.elementor-size-large{font-size:29px}.elementor-widget-heading .elementor-heading-title.elementor-size-xl{font-size:39px}.elementor-widget-heading .elementor-heading-title.elementor-size-xxl{font-size:59px}<\/style><h4 class=\"elementor-heading-title elementor-size-default\"><b>Leading in Environmental Analysis<\/b><br>Contributions of Biotech Analysis Laboratories\n\n\n\n\n\n\n\n<\/h4>\t\t<\/div>\n\t\t\t\t<\/div>\n\t\t\t\t<div class=\"elementor-element elementor-element-754e57f anim-text mb-0 elementor-widget elementor-widget-heading\" data-id=\"754e57f\" data-element_type=\"widget\" data-widget_type=\"heading.default\">\n\t\t\t\t<div class=\"elementor-widget-container\">\n\t\t\t<p class=\"elementor-heading-title elementor-size-default\">We contribute to environmental health by conducting analyses and tests in the environmental field. We offer comprehensive laboratory services for the determination and control of environmental factors such as environmental pollution, water and soil quality, air pollution, and waste management. Our laboratories specialize in analyzing environmental samples and evaluating results using state-of-the-art technology and accredited methods.\n\nOur goal is to support a sustainable future by providing our customers with accurate and reliable data necessary for identifying and preventing environmental impacts. By adhering to high-quality standards in environmental analyses, we contribute to the promotion of environmentally friendly practices and the reduction of environmental risks.<\/p>\t\t<\/div>\n\t\t\t\t<\/div>\n\t\t\t\t\t<\/div>\r\n\t\t\t\t<\/div>\r\n\t\t\t\t<div class=\"elementor-column elementor-col-50 elementor-top-column elementor-element elementor-element-048a644\" data-id=\"048a644\" data-element_type=\"column\">\r\n\t\t\t\t\t<div class=\"elementor-widget-wrap elementor-element-populated\">\r\n\t\t\t\t\t\t\t\t<div class=\"elementor-element elementor-element-367c2bc elementor-widget elementor-widget-image\" data-id=\"367c2bc\" data-element_type=\"widget\" data-widget_type=\"image.default\">\n\t\t\t\t<div class=\"elementor-widget-container\">\n\t\t\t<style>\/*! elementor - v3.21.0 - 25-04-2024 *\/\n.elementor-widget-image{text-align:center}.elementor-widget-image a{display:inline-block}.elementor-widget-image a img[src$=\".svg\"]{width:48px}.elementor-widget-image img{vertical-align:middle;display:inline-block}<\/style>\t\t\t\t\t\t\t\t\t\t<img fetchpriority=\"high\" decoding=\"async\" width=\"640\" height=\"480\" src=\"https:\/\/www.biotechslabs.com\/wp-content\/uploads\/2024\/03\/cc-640x480.jpg\" class=\"attachment-blog-grid size-blog-grid wp-image-2546\" alt=\"\" srcset=\"https:\/\/www.biotechslabs.com\/wp-content\/uploads\/2024\/03\/cc-640x480.jpg 640w, https:\/\/www.biotechslabs.com\/wp-content\/uploads\/2024\/03\/cc-463x348.jpg 463w, https:\/\/www.biotechslabs.com\/wp-content\/uploads\/2024\/03\/cc-400x300.jpg 400w\" sizes=\"(max-width: 640px) 100vw, 640px\" \/>\t\t\t\t\t\t\t\t\t\t\t\t\t<\/div>\n\t\t\t\t<\/div>\n\t\t\t\t\t<\/div>\r\n\t\t\t\t<\/div>\r\n\t\t\t\t\t<\/div>\r\n\t\t\t\t<\/section>\r\n\t\t\t\t<section class=\"elementor-section elementor-top-section elementor-element elementor-element-430309c elementor-hidden-desktop elementor-hidden-tablet elementor-hidden-mobile elementor-section-boxed elementor-section-height-default elementor-section-height-default\" data-id=\"430309c\" data-element_type=\"section\" data-settings=\"{&quot;background_background&quot;:&quot;classic&quot;}\">\r\n\t\t\r\n\t\t\t\t\t\t\t<div class=\"elementor-container elementor-column-gap-custom\">\r\n\t\t\t\t\t\t\t\t\t\t\t<div class=\"elementor-column elementor-col-50 elementor-top-column elementor-element elementor-element-bb6459f blog-wrapper\" data-id=\"bb6459f\" data-element_type=\"column\">\r\n\t\t\t\t\t<div class=\"elementor-widget-wrap elementor-element-populated\">\r\n\t\t\t\t\t\t\t\t<div class=\"elementor-element elementor-element-e3a7863 with-custom-underline mb-0 elementor-widget elementor-widget-heading\" data-id=\"e3a7863\" data-element_type=\"widget\" data-widget_type=\"heading.default\">\n\t\t\t\t<div class=\"elementor-widget-container\">\n\t\t\t<h2 class=\"elementor-heading-title elementor-size-default\">Latest News<\/h2>\t\t<\/div>\n\t\t\t\t<\/div>\n\t\t\t\t\t<\/div>\r\n\t\t\t\t<\/div>\r\n\t\t\t\t<div class=\"elementor-column elementor-col-50 elementor-top-column elementor-element elementor-element-521cfe1\" data-id=\"521cfe1\" data-element_type=\"column\">\r\n\t\t\t\t\t<div class=\"elementor-widget-wrap elementor-element-populated\">\r\n\t\t\t\t\t\t\t\t<div class=\"elementor-element elementor-element-bfaea6a with-custom-underline mb-0 elementor-widget elementor-widget-heading\" data-id=\"bfaea6a\" data-element_type=\"widget\" data-widget_type=\"heading.default\">\n\t\t\t\t<div class=\"elementor-widget-container\">\n\t\t\t<h2 class=\"elementor-heading-title elementor-size-default\">FAQ's<\/h2>\t\t<\/div>\n\t\t\t\t<\/div>\n\t\t\t\t<div class=\"elementor-element elementor-element-3094ab9 mt-5 elementor-widget elementor-widget-heading\" data-id=\"3094ab9\" data-element_type=\"widget\" data-widget_type=\"heading.default\">\n\t\t\t\t<div class=\"elementor-widget-container\">\n\t\t\t<p class=\"elementor-heading-title elementor-size-default\"><a href=\"#\">Read More<\/a><\/p>\t\t<\/div>\n\t\t\t\t<\/div>\n\t\t\t\t\t<\/div>\r\n\t\t\t\t<\/div>\r\n\t\t\t\t\t<\/div>\r\n\t\t\t\t<\/section>\r\n\t\t\t\t<\/div>\n\t\t","protected":false},"excerpt":{"rendered":"<p>Leading in Environmental AnalysisContributions of Biotech Analysis Laboratories We contribute to environmental health by conducting analyses and tests in the environmental field. We offer comprehensive laboratory services for the determination and control of environmental factors such as environmental pollution, water and soil quality, air pollution, and waste management. Our laboratories specialize in analyzing environmental samples [&hellip;]<\/p>\n","protected":false},"author":1,"featured_media":0,"parent":0,"menu_order":0,"comment_status":"closed","ping_status":"closed","template":"","meta":{"_joinchat":[],"footnotes":""},"class_list":["post-2519","page","type-page","status-publish","hentry"],"yoast_head":"<!-- This site is optimized with the Yoast SEO Premium plugin v22.0 (Yoast SEO v24.6) - https:\/\/yoast.com\/wordpress\/plugins\/seo\/ -->\n<title>Environmental Analyses - Biotech<\/title>\n<meta name=\"description\" content=\"Environmental Analyses - Biotech\" \/>\n<meta name=\"robots\" content=\"noindex, follow\" \/>\n<script type=\"application\/ld+json\" class=\"yoast-schema-graph\">{\"@context\":\"https:\/\/schema.org\",\"@graph\":[{\"@type\":\"WebPage\",\"@id\":\"https:\/\/www.biotechslabs.com\/?page_id=2519\",\"url\":\"https:\/\/www.biotechslabs.com\/?page_id=2519\",\"name\":\"Environmental Analyses - Biotech\",\"isPartOf\":{\"@id\":\"https:\/\/www.biotechslabs.com\/#website\"},\"primaryImageOfPage\":{\"@id\":\"https:\/\/www.biotechslabs.com\/?page_id=2519#primaryimage\"},\"image\":{\"@id\":\"https:\/\/www.biotechslabs.com\/?page_id=2519#primaryimage\"},\"thumbnailUrl\":\"https:\/\/www.biotechslabs.com\/wp-content\/uploads\/2024\/03\/cc-640x480.jpg\",\"datePublished\":\"2024-03-29T01:07:54+00:00\",\"dateModified\":\"2024-04-25T10:25:37+00:00\",\"description\":\"Environmental Analyses - Biotech\",\"breadcrumb\":{\"@id\":\"https:\/\/www.biotechslabs.com\/?page_id=2519#breadcrumb\"},\"inLanguage\":\"en-US\",\"potentialAction\":[{\"@type\":\"ReadAction\",\"target\":[\"https:\/\/www.biotechslabs.com\/?page_id=2519\"]}]},{\"@type\":\"ImageObject\",\"inLanguage\":\"en-US\",\"@id\":\"https:\/\/www.biotechslabs.com\/?page_id=2519#primaryimage\",\"url\":\"https:\/\/www.biotechslabs.com\/wp-content\/uploads\/2024\/03\/cc.jpg\",\"contentUrl\":\"https:\/\/www.biotechslabs.com\/wp-content\/uploads\/2024\/03\/cc.jpg\",\"width\":2000,\"height\":1109},{\"@type\":\"BreadcrumbList\",\"@id\":\"https:\/\/www.biotechslabs.com\/?page_id=2519#breadcrumb\",\"itemListElement\":[{\"@type\":\"ListItem\",\"position\":1,\"name\":\"Anasayfa\",\"item\":\"https:\/\/www.biotechslabs.com\/\"},{\"@type\":\"ListItem\",\"position\":2,\"name\":\"Environmental Analyses\"}]},{\"@type\":\"WebSite\",\"@id\":\"https:\/\/www.biotechslabs.com\/#website\",\"url\":\"https:\/\/www.biotechslabs.com\/\",\"name\":\"Biotech\",\"description\":\"Analysis Laboratories\",\"publisher\":{\"@id\":\"https:\/\/www.biotechslabs.com\/#organization\"},\"potentialAction\":[{\"@type\":\"SearchAction\",\"target\":{\"@type\":\"EntryPoint\",\"urlTemplate\":\"https:\/\/www.biotechslabs.com\/?s={search_term_string}\"},\"query-input\":{\"@type\":\"PropertyValueSpecification\",\"valueRequired\":true,\"valueName\":\"search_term_string\"}}],\"inLanguage\":\"en-US\"},{\"@type\":[\"Organization\",\"Place\",\"DiagnosticLab\"],\"@id\":\"https:\/\/www.biotechslabs.com\/#organization\",\"name\":\"Biotech Analiz Laboratuvarlar\u0131\",\"alternateName\":\"Biotech\",\"url\":\"https:\/\/www.biotechslabs.com\/\",\"logo\":{\"@id\":\"https:\/\/www.biotechslabs.com\/?page_id=2519#local-main-organization-logo\"},\"image\":{\"@id\":\"https:\/\/www.biotechslabs.com\/?page_id=2519#local-main-organization-logo\"},\"sameAs\":[\"https:\/\/x.com\/biotechslabs\",\"https:\/\/www.linkedin.com\/company\/biotechslabs\"],\"description\":\"Biotech Analiz Laboratuvarlar\u0131 G\u0131da Analizleri \u00c7evre Analizleri \u0130la\u00e7 Analizleri Tekstil Analizleri Kozmetik Analizleri\",\"legalName\":\"Biotech Analiz Laboratuvarlar\u0131\",\"foundingDate\":\"2023-01-01\",\"numberOfEmployees\":{\"@type\":\"QuantitativeValue\",\"minValue\":\"11\",\"maxValue\":\"50\"},\"address\":{\"@id\":\"https:\/\/www.biotechslabs.com\/?page_id=2519#local-main-place-address\"},\"geo\":{\"@type\":\"GeoCoordinates\",\"latitude\":\"52.5264222\",\"longitude\":\"13.3498682\"},\"telephone\":[\"+902124380977\"],\"contactPoint\":{\"@type\":\"ContactPoint\",\"telephone\":\"+902124380977\"},\"openingHoursSpecification\":[{\"@type\":\"OpeningHoursSpecification\",\"dayOfWeek\":[\"Monday\",\"Tuesday\",\"Wednesday\",\"Thursday\",\"Friday\"],\"opens\":\"08:00\",\"closes\":\"18:00\"},{\"@type\":\"OpeningHoursSpecification\",\"dayOfWeek\":[\"Saturday\",\"Sunday\"],\"opens\":\"00:00\",\"closes\":\"00:00\"}],\"email\":\"info@biotechslabs.com\"},{\"@type\":\"PostalAddress\",\"@id\":\"https:\/\/www.biotechslabs.com\/?page_id=2519#local-main-place-address\",\"streetAddress\":\"Turmstra\u00dfe 14\",\"addressLocality\":\"Berlin\",\"postalCode\":\"10559\",\"addressCountry\":\"DE\"},{\"@type\":\"ImageObject\",\"inLanguage\":\"en-US\",\"@id\":\"https:\/\/www.biotechslabs.com\/?page_id=2519#local-main-organization-logo\",\"url\":\"https:\/\/www.biotechslabs.com\/wp-content\/uploads\/2024\/02\/biopng.png\",\"contentUrl\":\"https:\/\/www.biotechslabs.com\/wp-content\/uploads\/2024\/02\/biopng.png\",\"width\":2344,\"height\":2052,\"caption\":\"Biotech Analiz Laboratuvarlar\u0131\"}]}<\/script>\n<meta name=\"geo.placename\" content=\"Berlin\" \/>\n<meta name=\"geo.position\" content=\"52.5264222;13.3498682\" \/>\n<meta name=\"geo.region\" content=\"Germany\" \/>\n<!-- \/ Yoast SEO Premium plugin. -->","yoast_head_json":{"title":"Environmental Analyses - Biotech","description":"Environmental Analyses - Biotech","robots":{"index":"noindex","follow":"follow"},"schema":{"@context":"https:\/\/schema.org","@graph":[{"@type":"WebPage","@id":"https:\/\/www.biotechslabs.com\/?page_id=2519","url":"https:\/\/www.biotechslabs.com\/?page_id=2519","name":"Environmental Analyses - Biotech","isPartOf":{"@id":"https:\/\/www.biotechslabs.com\/#website"},"primaryImageOfPage":{"@id":"https:\/\/www.biotechslabs.com\/?page_id=2519#primaryimage"},"image":{"@id":"https:\/\/www.biotechslabs.com\/?page_id=2519#primaryimage"},"thumbnailUrl":"https:\/\/www.biotechslabs.com\/wp-content\/uploads\/2024\/03\/cc-640x480.jpg","datePublished":"2024-03-29T01:07:54+00:00","dateModified":"2024-04-25T10:25:37+00:00","description":"Environmental Analyses - Biotech","breadcrumb":{"@id":"https:\/\/www.biotechslabs.com\/?page_id=2519#breadcrumb"},"inLanguage":"en-US","potentialAction":[{"@type":"ReadAction","target":["https:\/\/www.biotechslabs.com\/?page_id=2519"]}]},{"@type":"ImageObject","inLanguage":"en-US","@id":"https:\/\/www.biotechslabs.com\/?page_id=2519#primaryimage","url":"https:\/\/www.biotechslabs.com\/wp-content\/uploads\/2024\/03\/cc.jpg","contentUrl":"https:\/\/www.biotechslabs.com\/wp-content\/uploads\/2024\/03\/cc.jpg","width":2000,"height":1109},{"@type":"BreadcrumbList","@id":"https:\/\/www.biotechslabs.com\/?page_id=2519#breadcrumb","itemListElement":[{"@type":"ListItem","position":1,"name":"Anasayfa","item":"https:\/\/www.biotechslabs.com\/"},{"@type":"ListItem","position":2,"name":"Environmental Analyses"}]},{"@type":"WebSite","@id":"https:\/\/www.biotechslabs.com\/#website","url":"https:\/\/www.biotechslabs.com\/","name":"Biotech","description":"Analysis Laboratories","publisher":{"@id":"https:\/\/www.biotechslabs.com\/#organization"},"potentialAction":[{"@type":"SearchAction","target":{"@type":"EntryPoint","urlTemplate":"https:\/\/www.biotechslabs.com\/?s={search_term_string}"},"query-input":{"@type":"PropertyValueSpecification","valueRequired":true,"valueName":"search_term_string"}}],"inLanguage":"en-US"},{"@type":["Organization","Place","DiagnosticLab"],"@id":"https:\/\/www.biotechslabs.com\/#organization","name":"Biotech Analiz Laboratuvarlar\u0131","alternateName":"Biotech","url":"https:\/\/www.biotechslabs.com\/","logo":{"@id":"https:\/\/www.biotechslabs.com\/?page_id=2519#local-main-organization-logo"},"image":{"@id":"https:\/\/www.biotechslabs.com\/?page_id=2519#local-main-organization-logo"},"sameAs":["https:\/\/x.com\/biotechslabs","https:\/\/www.linkedin.com\/company\/biotechslabs"],"description":"Biotech Analiz Laboratuvarlar\u0131 G\u0131da Analizleri \u00c7evre Analizleri \u0130la\u00e7 Analizleri Tekstil Analizleri Kozmetik Analizleri","legalName":"Biotech Analiz Laboratuvarlar\u0131","foundingDate":"2023-01-01","numberOfEmployees":{"@type":"QuantitativeValue","minValue":"11","maxValue":"50"},"address":{"@id":"https:\/\/www.biotechslabs.com\/?page_id=2519#local-main-place-address"},"geo":{"@type":"GeoCoordinates","latitude":"52.5264222","longitude":"13.3498682"},"telephone":["+902124380977"],"contactPoint":{"@type":"ContactPoint","telephone":"+902124380977"},"openingHoursSpecification":[{"@type":"OpeningHoursSpecification","dayOfWeek":["Monday","Tuesday","Wednesday","Thursday","Friday"],"opens":"08:00","closes":"18:00"},{"@type":"OpeningHoursSpecification","dayOfWeek":["Saturday","Sunday"],"opens":"00:00","closes":"00:00"}],"email":"info@biotechslabs.com"},{"@type":"PostalAddress","@id":"https:\/\/www.biotechslabs.com\/?page_id=2519#local-main-place-address","streetAddress":"Turmstra\u00dfe 14","addressLocality":"Berlin","postalCode":"10559","addressCountry":"DE"},{"@type":"ImageObject","inLanguage":"en-US","@id":"https:\/\/www.biotechslabs.com\/?page_id=2519#local-main-organization-logo","url":"https:\/\/www.biotechslabs.com\/wp-content\/uploads\/2024\/02\/biopng.png","contentUrl":"https:\/\/www.biotechslabs.com\/wp-content\/uploads\/2024\/02\/biopng.png","width":2344,"height":2052,"caption":"Biotech Analiz Laboratuvarlar\u0131"}]},"geo.placename":"Berlin","geo.position":{"lat":"52.5264222","long":"13.3498682"},"geo.region":"Germany"},"_links":{"self":[{"href":"https:\/\/www.biotechslabs.com\/index.php?rest_route=\/wp\/v2\/pages\/2519","targetHints":{"allow":["GET"]}}],"collection":[{"href":"https:\/\/www.biotechslabs.com\/index.php?rest_route=\/wp\/v2\/pages"}],"about":[{"href":"https:\/\/www.biotechslabs.com\/index.php?rest_route=\/wp\/v2\/types\/page"}],"author":[{"embeddable":true,"href":"https:\/\/www.biotechslabs.com\/index.php?rest_route=\/wp\/v2\/users\/1"}],"replies":[{"embeddable":true,"href":"https:\/\/www.biotechslabs.com\/index.php?rest_route=%2Fwp%2Fv2%2Fcomments&post=2519"}],"version-history":[{"count":16,"href":"https:\/\/www.biotechslabs.com\/index.php?rest_route=\/wp\/v2\/pages\/2519\/revisions"}],"predecessor-version":[{"id":2820,"href":"https:\/\/www.biotechslabs.com\/index.php?rest_route=\/wp\/v2\/pages\/2519\/revisions\/2820"}],"wp:attachment":[{"href":"https:\/\/www.biotechslabs.com\/index.php?rest_route=%2Fwp%2Fv2%2Fmedia&parent=2519"}],"curies":[{"name":"wp","href":"https:\/\/api.w.org\/{rel}","templated":true}]}}